{"id":824,"date":"2026-04-30T12:33:50","date_gmt":"2026-04-30T10:33:50","guid":{"rendered":"https:\/\/wp.ecole-ndlc.be\/?page_id=824"},"modified":"2026-04-30T12:33:50","modified_gmt":"2026-04-30T10:33:50","slug":"rentree-scolaire-2026-2027","status":"publish","type":"page","link":"https:\/\/wp.ecole-ndlc.be\/index.php\/rentree-scolaire-2026-2027\/","title":{"rendered":"Rentr\u00e9e scolaire 2026- 2027"},"content":{"rendered":"\n<p><strong>On pr\u00e9pare d\u00e9j\u00e0 la prochaine aventure !<\/strong><\/p>\n\n\n\n<p>L\u2019ann\u00e9e n\u2019est m\u00eame pas encore termin\u00e9e que nous sommes d\u00e9j\u00e0 en train de concocter une rentr\u00e9e pleine de surprises, de chouettes projets et de moments inoubliables<\/p>\n\n\n\n<p>\ud83d\udc49 Toutes les infos pour l\u2019ann\u00e9e prochaine arriveront petit \u00e0 petit ici, alors garde cette page bien au chaud et viens y jeter un \u0153il r\u00e9guli\u00e8rement <\/p>\n\n\n\n<p>\ud83d\udcc5 <strong>Rendez-vous le 24 ao\u00fbt pour la rentr\u00e9e !<\/strong><br>On a d\u00e9j\u00e0 h\u00e2te de retrouver nos \u00e9l\u00e8ves et de faire connaissance avec les nouveaux.<\/p>\n\n\n\n<p>\ud83d\udcdd <strong>R\u00e9inscriptions ouvertes !<\/strong><br>Pour r\u00e9server ta place dans cette nouvelle aventure, c\u2019est par ici :<br><a href=\"https:\/\/forms.cloud.microsoft\/e\/FLAuPDgVYt\">https:\/\/forms.cloud.microsoft\/e\/FLAuPDgVYt<\/a><\/p>\n\n\n\n<p>Une chose est s\u00fbre : on te pr\u00e9pare une ann\u00e9e pleine d\u2019\u00e9nergie, de d\u00e9couvertes et de bonne humeur \ud83d\udc9b<\/p>\n\n\n\n<p>\u00c0 tr\u00e8s vite !<\/p>\n\n\n\n<p><\/p>\n","protected":false},"excerpt":{"rendered":"<p>On pr\u00e9pare d\u00e9j\u00e0 la prochaine aventure ! L\u2019ann\u00e9e n\u2019est m\u00eame pas encore termin\u00e9e que nous [&hellip;]<\/p>\n","protected":false},"author":2,"featured_media":0,"parent":0,"menu_order":0,"comment_status":"closed","ping_status":"closed","template":"","meta":{"footnotes":""},"class_list":["post-824","page","type-page","status-publish","hentry"],"_links":{"self":[{"href":"https:\/\/wp.ecole-ndlc.be\/index.php\/wp-json\/wp\/v2\/pages\/824","targetHints":{"allow":["GET"]}}],"collection":[{"href":"https:\/\/wp.ecole-ndlc.be\/index.php\/wp-json\/wp\/v2\/pages"}],"about":[{"href":"https:\/\/wp.ecole-ndlc.be\/index.php\/wp-json\/wp\/v2\/types\/page"}],"author":[{"embeddable":true,"href":"https:\/\/wp.ecole-ndlc.be\/index.php\/wp-json\/wp\/v2\/users\/2"}],"replies":[{"embeddable":true,"href":"https:\/\/wp.ecole-ndlc.be\/index.php\/wp-json\/wp\/v2\/comments?post=824"}],"version-history":[{"count":1,"href":"https:\/\/wp.ecole-ndlc.be\/index.php\/wp-json\/wp\/v2\/pages\/824\/revisions"}],"predecessor-version":[{"id":825,"href":"https:\/\/wp.ecole-ndlc.be\/index.php\/wp-json\/wp\/v2\/pages\/824\/revisions\/825"}],"wp:attachment":[{"href":"https:\/\/wp.ecole-ndlc.be\/index.php\/wp-json\/wp\/v2\/media?parent=824"}],"curies":[{"name":"wp","href":"https:\/\/api.w.org\/{rel}","templated":true}]}}