{"id":197,"date":"2025-02-13T22:20:03","date_gmt":"2025-02-13T21:20:03","guid":{"rendered":"https:\/\/wp.ecole-ndlc.be\/?page_id=197"},"modified":"2025-08-28T21:36:28","modified_gmt":"2025-08-28T19:36:28","slug":"dans-nos-classes","status":"publish","type":"page","link":"https:\/\/wp.ecole-ndlc.be\/index.php\/dans-nos-classes\/","title":{"rendered":"Dans nos classes"},"content":{"rendered":"\n<h2 class=\"wp-block-heading\"><br>\u2728 <strong>Si vous \u00e9tiez une petite souris\u2026<\/strong> \ud83d\udc2d<\/h2>\n\n\n\n<p><br>\u2026et que vous vous glissiez discr\u00e8tement dans les classes de notre \u00e9cole, vous seriez \u00e9merveill\u00e9s par tout ce qui s\u2019y vit chaque jour !<\/p>\n\n\n\n<p>En maternelle, vous verriez des petites mains s\u2019activer pour construire, colorier, chanter et d\u00e9couvrir le monde avec curiosit\u00e9. Les rires r\u00e9sonneraient lors des jeux, et les yeux brilleraient pendant les histoires racont\u00e9es avec passion par les enseignantes.<\/p>\n\n\n\n<p>En P1\/P2, vous d\u00e9couvririez des enfants qui apprennent \u00e0 lire et \u00e0 \u00e9crire, parfois la langue encore h\u00e9sitante mais toujours pleine d\u2019enthousiasme. Les math\u00e9matiques deviennent des \u00e9nigmes \u00e0 r\u00e9soudre, et la cr\u00e9ativit\u00e9 s\u2019exprime dans les projets artistiques.<\/p>\n\n\n\n<p>En P3\/P4, la petite souris constaterait que les \u00e9l\u00e8ves deviennent plus autonomes. Les projets de recherche, les exp\u00e9riences scientifiques et les d\u00e9couvertes litt\u00e9raires nourrissent leur soif d\u2019apprendre. Les enseignants encouragent chacun \u00e0 donner le meilleur de soi.<\/p>\n\n\n\n<p>En P5\/P6, l\u2019ambiance se fait studieuse mais toujours joyeuse : on y pr\u00e9pare les grands \u00e0 franchir le cap vers le secondaire. D\u00e9bats, expos\u00e9s, r\u00e9solutions de probl\u00e8mes et projets collectifs rythment les journ\u00e9es. La petite souris verrait surtout des enfants qui prennent confiance en eux et s\u2019\u00e9panouissent.<\/p>\n\n\n\n<p>Et si vous tendiez bien l\u2019oreille, vous entendriez aussi des chansons en n\u00e9erlandais, des \u00e9clats de voix dans la piscine, des pas vifs en gymnastique, des lectures passionn\u00e9es \u00e0 la biblioth\u00e8que\u2026 Bref, un quotidien riche en d\u00e9couvertes, en apprentissages et en sourires.<\/p>\n\n\n\n<p><\/p>\n\n\n\n\n\n<div class=\"wp-block-buttons is-layout-flex wp-block-buttons-is-layout-flex\">\n<div class=\"wp-block-button\"><a class=\"wp-block-button__link wp-element-button\" href=\"https:\/\/wp.ecole-ndlc.be\/index.php\/2025\/08\/20\/en-classe-daccueil-et-1ere-maternelle\/\">Accueil &#8211; M1<\/a><\/div>\n\n\n\n<div class=\"wp-block-button\"><a class=\"wp-block-button__link wp-element-button\">M2 &#8211; M3<\/a><\/div>\n<\/div>\n\n\n\n<div class=\"wp-block-buttons is-layout-flex wp-block-buttons-is-layout-flex\"><\/div>\n\n\n\n<div class=\"wp-block-buttons is-layout-flex wp-block-buttons-is-layout-flex\">\n<div class=\"wp-block-button\"><a class=\"wp-block-button__link wp-element-button\">P1 &#8211; P2<\/a><\/div>\n\n\n\n<div class=\"wp-block-button\"><a class=\"wp-block-button__link wp-element-button\">P3 &#8211; P4<\/a><\/div>\n\n\n\n<div class=\"wp-block-button\"><a class=\"wp-block-button__link wp-element-button\" href=\"https:\/\/wp.ecole-ndlc.be\/index.php\/en-p5-p6\/\">P5 &#8211; P6<\/a><\/div>\n<\/div>\n\n\n\n<div class=\"wp-block-buttons is-layout-flex wp-block-buttons-is-layout-flex\">\n<div class=\"wp-block-button\"><a class=\"wp-block-button__link wp-element-button\" href=\"https:\/\/wp.ecole-ndlc.be\/index.php\/2025\/08\/28\/daspa\/\">DASPA<\/a><\/div>\n<\/div>\n\n\n\n<p><\/p>\n","protected":false},"excerpt":{"rendered":"<p>\u2728 Si vous \u00e9tiez une petite souris\u2026 \ud83d\udc2d \u2026et que vous vous glissiez discr\u00e8tement dans [&hellip;]<\/p>\n","protected":false},"author":2,"featured_media":0,"parent":0,"menu_order":0,"comment_status":"closed","ping_status":"closed","template":"","meta":{"footnotes":""},"class_list":["post-197","page","type-page","status-publish","hentry"],"_links":{"self":[{"href":"https:\/\/wp.ecole-ndlc.be\/index.php\/wp-json\/wp\/v2\/pages\/197","targetHints":{"allow":["GET"]}}],"collection":[{"href":"https:\/\/wp.ecole-ndlc.be\/index.php\/wp-json\/wp\/v2\/pages"}],"about":[{"href":"https:\/\/wp.ecole-ndlc.be\/index.php\/wp-json\/wp\/v2\/types\/page"}],"author":[{"embeddable":true,"href":"https:\/\/wp.ecole-ndlc.be\/index.php\/wp-json\/wp\/v2\/users\/2"}],"replies":[{"embeddable":true,"href":"https:\/\/wp.ecole-ndlc.be\/index.php\/wp-json\/wp\/v2\/comments?post=197"}],"version-history":[{"count":5,"href":"https:\/\/wp.ecole-ndlc.be\/index.php\/wp-json\/wp\/v2\/pages\/197\/revisions"}],"predecessor-version":[{"id":458,"href":"https:\/\/wp.ecole-ndlc.be\/index.php\/wp-json\/wp\/v2\/pages\/197\/revisions\/458"}],"wp:attachment":[{"href":"https:\/\/wp.ecole-ndlc.be\/index.php\/wp-json\/wp\/v2\/media?parent=197"}],"curies":[{"name":"wp","href":"https:\/\/api.w.org\/{rel}","templated":true}]}}