{"id":168,"date":"2025-02-13T21:36:07","date_gmt":"2025-02-13T20:36:07","guid":{"rendered":"https:\/\/wp.ecole-ndlc.be\/?page_id=168"},"modified":"2025-02-13T23:56:25","modified_gmt":"2025-02-13T22:56:25","slug":"les-horaires","status":"publish","type":"page","link":"https:\/\/wp.ecole-ndlc.be\/index.php\/les-horaires\/","title":{"rendered":"Les horaires"},"content":{"rendered":"\n<p>Durant les heures de cours, toute entr\u00e9e s&rsquo;effectue par la grille blanche, rue du Bourdon, 27. La grille verte donnant dans la rue de Calevoet \u00e9tant ferm\u00e9e.<\/p>\n\n\n\n<figure class=\"wp-block-table\"><table class=\"has-fixed-layout\"><tbody><tr><td>De 07:15 heures \u00e0 08:30 heures<\/td><td>Garderie du matin<\/td><\/tr><tr><td>08:30 heures<\/td><td>D\u00e9but des cours en primaire<\/td><\/tr><tr><td>De 08:30 heures \u00e0 08:45 heures<\/td><td>Accueil en classe maternelle<\/td><\/tr><tr><td>12:15 heures<\/td><td>Fin des cours<\/td><\/tr><tr><td>De 12:15 heures \u00e0 13:35 heures<\/td><td>Garderie du temps de midi<\/td><\/tr><tr><td>13:35 heures<\/td><td>D\u00e9but des cours<\/td><\/tr><tr><td>15:15 heures<\/td><td>Fin des cours.<\/td><\/tr><\/tbody><\/table><\/figure>\n\n\n\n<p>Les mesures Covid \u00e9tant \u2013 on l\u2019esp\u00e8re \u2013 derri\u00e8re nous, l\u2019entr\u00e9e dans le b\u00e2timent s\u2019effectue \u00e0 nouveau par classe dans la cour \u00e0 la 2\u00e8me sonnerie. <\/p>\n\n\n\n<p>Mise en rang : matin : 8h30<\/p>\n\n\n\n<p>Apr\u00e8s-midi : 13h35 <\/p>\n\n\n\n<p>Les parents veillent \u00e0 ce que leur enfant arrive \u00e0 l\u2019\u00e9cole dans un d\u00e9lai raisonnable (10\u2019 max.) avant la 2\u00e8me sonnerie.<\/p>\n\n\n\n<p><\/p>\n","protected":false},"excerpt":{"rendered":"<p>Durant les heures de cours, toute entr\u00e9e s&rsquo;effectue par la grille blanche, rue du Bourdon, [&hellip;]<\/p>\n","protected":false},"author":2,"featured_media":0,"parent":0,"menu_order":0,"comment_status":"closed","ping_status":"closed","template":"","meta":{"footnotes":""},"class_list":["post-168","page","type-page","status-publish","hentry"],"_links":{"self":[{"href":"https:\/\/wp.ecole-ndlc.be\/index.php\/wp-json\/wp\/v2\/pages\/168","targetHints":{"allow":["GET"]}}],"collection":[{"href":"https:\/\/wp.ecole-ndlc.be\/index.php\/wp-json\/wp\/v2\/pages"}],"about":[{"href":"https:\/\/wp.ecole-ndlc.be\/index.php\/wp-json\/wp\/v2\/types\/page"}],"author":[{"embeddable":true,"href":"https:\/\/wp.ecole-ndlc.be\/index.php\/wp-json\/wp\/v2\/users\/2"}],"replies":[{"embeddable":true,"href":"https:\/\/wp.ecole-ndlc.be\/index.php\/wp-json\/wp\/v2\/comments?post=168"}],"version-history":[{"count":2,"href":"https:\/\/wp.ecole-ndlc.be\/index.php\/wp-json\/wp\/v2\/pages\/168\/revisions"}],"predecessor-version":[{"id":240,"href":"https:\/\/wp.ecole-ndlc.be\/index.php\/wp-json\/wp\/v2\/pages\/168\/revisions\/240"}],"wp:attachment":[{"href":"https:\/\/wp.ecole-ndlc.be\/index.php\/wp-json\/wp\/v2\/media?parent=168"}],"curies":[{"name":"wp","href":"https:\/\/api.w.org\/{rel}","templated":true}]}}