{"id":131,"date":"2025-02-10T22:15:39","date_gmt":"2025-02-10T21:15:39","guid":{"rendered":"https:\/\/wp.ecole-ndlc.be\/?page_id=131"},"modified":"2025-08-28T21:32:31","modified_gmt":"2025-08-28T19:32:31","slug":"reglement-des-enfants","status":"publish","type":"page","link":"https:\/\/wp.ecole-ndlc.be\/index.php\/reglement-des-enfants\/","title":{"rendered":"R\u00e8glement des enfants"},"content":{"rendered":"\n<div data-wp-interactive=\"core\/file\" class=\"wp-block-file\"><object data-wp-bind--hidden=\"!state.hasPdfPreview\" hidden class=\"wp-block-file__embed\" data=\"https:\/\/wp.ecole-ndlc.be\/wp-content\/uploads\/2025\/08\/Reglement-des-eleves-2025-2026.pdf\" type=\"application\/pdf\" style=\"width:100%;height:600px\" aria-label=\"Contenu embarqu\u00e9 R\u00e9glement des \u00e9l\u00e8ves 2025-2026.\"><\/object><a id=\"wp-block-file--media-3482718d-b294-4bf3-b707-f2d8c5bb41b0\" href=\"https:\/\/wp.ecole-ndlc.be\/wp-content\/uploads\/2025\/08\/Reglement-des-eleves-2025-2026.pdf\">R\u00e9glement des \u00e9l\u00e8ves 2025-2026<\/a><a href=\"https:\/\/wp.ecole-ndlc.be\/wp-content\/uploads\/2025\/08\/Reglement-des-eleves-2025-2026.pdf\" class=\"wp-block-file__button wp-element-button\" download aria-describedby=\"wp-block-file--media-3482718d-b294-4bf3-b707-f2d8c5bb41b0\">T\u00e9l\u00e9charger<\/a><\/div>\n","protected":false},"excerpt":{"rendered":"","protected":false},"author":2,"featured_media":0,"parent":0,"menu_order":0,"comment_status":"closed","ping_status":"closed","template":"","meta":{"footnotes":""},"class_list":["post-131","page","type-page","status-publish","hentry"],"_links":{"self":[{"href":"https:\/\/wp.ecole-ndlc.be\/index.php\/wp-json\/wp\/v2\/pages\/131","targetHints":{"allow":["GET"]}}],"collection":[{"href":"https:\/\/wp.ecole-ndlc.be\/index.php\/wp-json\/wp\/v2\/pages"}],"about":[{"href":"https:\/\/wp.ecole-ndlc.be\/index.php\/wp-json\/wp\/v2\/types\/page"}],"author":[{"embeddable":true,"href":"https:\/\/wp.ecole-ndlc.be\/index.php\/wp-json\/wp\/v2\/users\/2"}],"replies":[{"embeddable":true,"href":"https:\/\/wp.ecole-ndlc.be\/index.php\/wp-json\/wp\/v2\/comments?post=131"}],"version-history":[{"count":2,"href":"https:\/\/wp.ecole-ndlc.be\/index.php\/wp-json\/wp\/v2\/pages\/131\/revisions"}],"predecessor-version":[{"id":454,"href":"https:\/\/wp.ecole-ndlc.be\/index.php\/wp-json\/wp\/v2\/pages\/131\/revisions\/454"}],"wp:attachment":[{"href":"https:\/\/wp.ecole-ndlc.be\/index.php\/wp-json\/wp\/v2\/media?parent=131"}],"curies":[{"name":"wp","href":"https:\/\/api.w.org\/{rel}","templated":true}]}}